{"id":962,"date":"2015-02-20T20:34:01","date_gmt":"2015-02-20T20:34:01","guid":{"rendered":"http:\/\/themes.wplook.com\/thearchitect\/?page_id=962"},"modified":"2025-08-21T13:50:24","modified_gmt":"2025-08-21T13:50:24","slug":"homepage","status":"publish","type":"page","link":"https:\/\/premieredesignconstruction.com\/fr\/","title":{"rendered":"Accueil"},"content":{"rendered":"<div class='module-title wrap cf'><div class='one_half'><h3>Projets r\u00e9cents<\/h3><\/div><\/div><div class='block-grid projects-listing columns-3 cf'>\n<article class='block-item third-width third-height cf cat_13' ><a href='https:\/\/premieredesignconstruction.com\/fr\/projects\/armid-industriel\/' rel='bookmark' title='ARMID INDUSTRIEL'><div class='image' style='background-image: url(https:\/\/premieredesignconstruction.com\/fr\/wp-content\/uploads\/sites\/3\/2022\/05\/valleyfield-10.png);'><\/div><div class='text white'><h1>ARMID INDUSTRIEL<\/h1><span class='line medium white'><\/span><p>Industriel, Salaberry-de-Valleyfield<\/p><\/div><\/a><\/article>\n<article class='block-item third-width third-height cf cat_13' ><a href='https:\/\/premieredesignconstruction.com\/fr\/projects\/autobus-ideal\/' rel='bookmark' title='AUTOBUS ID\u00c9AL'><div class='image' style='background-image: url(https:\/\/premieredesignconstruction.com\/fr\/wp-content\/uploads\/sites\/3\/2024\/05\/IMG_6585-\u2013-grande-taille.jpeg);'><\/div><div class='text white'><h1>AUTOBUS ID\u00c9AL<\/h1><span class='line medium white'><\/span><p>Industriel, Montr\u00e9al<\/p><\/div><\/a><\/article>\n<article class='block-item third-width third-height cf cat_13' ><a href='https:\/\/premieredesignconstruction.com\/fr\/projects\/forlam\/' rel='bookmark' title='FORLAM'><div class='image' style='background-image: url(https:\/\/premieredesignconstruction.com\/fr\/wp-content\/uploads\/sites\/3\/2024\/09\/Unknown.jpeg);'><\/div><div class='text white'><h1>FORLAM<\/h1><span class='line medium white'><\/span><p>Industriel, Boisbriand<\/p><\/div><\/a><\/article>\n<article class='block-item third-width third-height cf cat_13' ><a href='https:\/\/premieredesignconstruction.com\/fr\/projects\/innova\/' rel='bookmark' title='INNOVA'><div class='image' style='background-image: url(https:\/\/premieredesignconstruction.com\/fr\/wp-content\/uploads\/sites\/3\/2024\/05\/Innova-ext-nuit.jpeg);'><\/div><div class='text white'><h1>INNOVA<\/h1><span class='line medium white'><\/span><p>Industriel, Montr\u00e9al<\/p><\/div><\/a><\/article>\n<article class='block-item third-width third-height cf cat_13' ><a href='https:\/\/premieredesignconstruction.com\/fr\/projects\/montcorr\/' rel='bookmark' title='MONTCORR'><div class='image' style='background-image: url(https:\/\/premieredesignconstruction.com\/fr\/wp-content\/uploads\/sites\/3\/2022\/05\/Unknown-13.jpeg);'><\/div><div class='text white'><h1>MONTCORR<\/h1><span class='line medium white'><\/span><p>Industriel, Coteau-du-Lac<\/p><\/div><\/a><\/article>\n<article class='block-item third-width third-height cf cat_13' ><a href='https:\/\/premieredesignconstruction.com\/fr\/projects\/wilfrid-et-guy-dion\/' rel='bookmark' title='WILFRID ET GUY DION \/ R\u00e9novation fa\u00e7ade, Ste-Th\u00e9r\u00e8se'><div class='image' style='background-image: url(https:\/\/premieredesignconstruction.com\/fr\/wp-content\/uploads\/sites\/3\/2022\/05\/IMG_2995-\u2013-grande-taille.jpeg);'><\/div><div class='text white'><h1>WILFRID ET GUY DION \/ R\u00e9novation fa\u00e7ade, Ste-Th\u00e9r\u00e8se<\/h1><span class='line medium white'><\/span><p>Industriel, Ste-Th\u00e9r\u00e8se<\/p><\/div><\/a><\/article>\n<\/div>\n<div class=\"row cf\" style=\"background-color: #353535;\"><div class=\"wrap\"> <\/p>\n<p><div class=\"shortcode_padding\" style=\"padding-top: 72px;padding-bottom: 72px;padding-left: 0;padding-right: 0;\"> <\/p>\n<h2 class=\"white center\"><strong><span style=\"color: #993300\">PREMI\u00c8RE<\/span><\/strong><\/h2>\n<p style=\"text-align: center\"><span style=\"color: #ffffff\">Le Design-Construction se r\u00e9sume en un mot: EFFICIENCE.<br \/>\nVoil\u00e0 comment nous parvenons \u00e0 r\u00e9aliser un projet sur mesure,\u00a0\u00e0 moindre cout,<br \/>\ndans des d\u00e9lais optimaux et sans compromis sur la qualit\u00e9 et la conformit\u00e9.<\/span><\/p>\n<p><div class=\"clear cf\" style=\"margin-top:0px;margin-bottom:2%\"><\/div><\/p>\n<p><div class=\"one_third\" style=\"\"><\/p>\n<h3 class=\"white\"><strong><span style=\"color: #993300\">IMPUTABILIT\u00c9<\/span><\/strong><\/h3>\n<p class=\"gray\" style=\"text-align: left\"><span style=\"color: #ffffff\">Un seul interlocuteur responsable et imputable. Un v\u00e9ritable projet cl\u00e9s en main: Architecture, ing\u00e9nierie, coordination, permis, construction, livraison. \u00a0Nous sommes votre chef d&rsquo;orchestre.<\/span><\/p>\n<p><\/div><\/p>\n<p><div class=\"one_third\" style=\"\"><\/p>\n<h3 class=\"white\"><strong><span style=\"color: #993300\">EXP\u00c9RIENCE<\/span><\/strong><\/h3>\n<p class=\"gray\"><span style=\"color: #ffffff\">Depuis 1995, le niveau de satisfaction de notre client\u00e8le est au c\u0153ur de notre philosophie d\u2019entreprise et nous vous invitons \u00e0 consulter un de nos clients ou visiter un de nos chantiers en communiquant avec nous.<\/span><\/p>\n<p><\/div><\/p>\n<p><div class=\"one_third last\" style=\"\"><\/p>\n<h3 class=\"white\"><strong><span style=\"color: #993300\">PARTENARIAT<\/span><\/strong><\/h3>\n<p class=\"gray\"><span style=\"color: #ffffff\">Une approche de transfert de risques, une transparence sans \u00e9gale. Deux \u00e9l\u00e9ments intrins\u00e8ques \u00e0 tous les niveaux de l&rsquo;entreprise. Notre formule Design-Construction mainte fois d\u00e9montr\u00e9e est \u00e0 la base de notre r\u00e9putation.<\/span><\/p>\n<p><\/div><div class=\"cf\"><\/div><\/p>\n<p> <\/div><\/p>\n<p> <\/div><\/div>\n<div class=\"row cf\" style=\"background-color: #fff;\"><div class=\"wrap\"> <\/p>\n<p><div class=\"shortcode_padding\" style=\"padding-top: 0px;padding-bottom: 0px;padding-left: 0;padding-right: 0;\"> <\/p>\n<p><div class=\"shortcode_list_images\"><ul class=\"three_col\"><\/p>\n<ul>\n<li><img loading=\"lazy\" decoding=\"async\" class=\"alignnone wp-image-3618\" src=\"https:\/\/premieredesignconstruction.com\/fr\/wp-content\/uploads\/sites\/3\/2024\/03\/cagbc_member_logo_2024-214x300.png\" alt=\"\" width=\"133\" height=\"186\" srcset=\"https:\/\/premieredesignconstruction.com\/fr\/wp-content\/uploads\/sites\/3\/2024\/03\/cagbc_member_logo_2024-214x300.png 214w, https:\/\/premieredesignconstruction.com\/fr\/wp-content\/uploads\/sites\/3\/2024\/03\/cagbc_member_logo_2024.png 301w\" sizes=\"auto, (max-width: 133px) 100vw, 133px\" \/><\/li>\n<li><img loading=\"lazy\" decoding=\"async\" class=\"wp-image-2867 aligncenter\" src=\"https:\/\/premieredesignconstruction.com\/fr\/wp-content\/uploads\/sites\/3\/2019\/06\/Logo-francais-1-300x126.jpg\" alt=\"\" width=\"405\" height=\"170\" srcset=\"https:\/\/premieredesignconstruction.com\/fr\/wp-content\/uploads\/sites\/3\/2019\/06\/Logo-francais-1-300x126.jpg 300w, https:\/\/premieredesignconstruction.com\/fr\/wp-content\/uploads\/sites\/3\/2019\/06\/Logo-francais-1-768x323.jpg 768w, https:\/\/premieredesignconstruction.com\/fr\/wp-content\/uploads\/sites\/3\/2019\/06\/Logo-francais-1-1024x431.jpg 1024w, https:\/\/premieredesignconstruction.com\/fr\/wp-content\/uploads\/sites\/3\/2019\/06\/Logo-francais-1.jpg 1389w\" sizes=\"auto, (max-width: 405px) 100vw, 405px\" \/><\/li>\n<li><\/li>\n<\/ul>\n<p><\/ul><\/div><\/p>\n<p> <\/div><\/p>\n<p> <\/div><\/div>\n","protected":false},"excerpt":{"rendered":"","protected":false},"author":1,"featured_media":978,"parent":0,"menu_order":0,"comment_status":"open","ping_status":"open","template":"","meta":{"_acf_changed":false,"footnotes":""},"class_list":["post-962","page","type-page","status-publish","has-post-thumbnail","hentry"],"acf":[],"_links":{"self":[{"href":"https:\/\/premieredesignconstruction.com\/fr\/wp-json\/wp\/v2\/pages\/962","targetHints":{"allow":["GET"]}}],"collection":[{"href":"https:\/\/premieredesignconstruction.com\/fr\/wp-json\/wp\/v2\/pages"}],"about":[{"href":"https:\/\/premieredesignconstruction.com\/fr\/wp-json\/wp\/v2\/types\/page"}],"author":[{"embeddable":true,"href":"https:\/\/premieredesignconstruction.com\/fr\/wp-json\/wp\/v2\/users\/1"}],"replies":[{"embeddable":true,"href":"https:\/\/premieredesignconstruction.com\/fr\/wp-json\/wp\/v2\/comments?post=962"}],"version-history":[{"count":85,"href":"https:\/\/premieredesignconstruction.com\/fr\/wp-json\/wp\/v2\/pages\/962\/revisions"}],"predecessor-version":[{"id":3888,"href":"https:\/\/premieredesignconstruction.com\/fr\/wp-json\/wp\/v2\/pages\/962\/revisions\/3888"}],"wp:featuredmedia":[{"embeddable":true,"href":"https:\/\/premieredesignconstruction.com\/fr\/wp-json\/wp\/v2\/media\/978"}],"wp:attachment":[{"href":"https:\/\/premieredesignconstruction.com\/fr\/wp-json\/wp\/v2\/media?parent=962"}],"curies":[{"name":"wp","href":"https:\/\/api.w.org\/{rel}","templated":true}]}}