{"id":3139,"date":"2020-10-16T17:12:21","date_gmt":"2020-10-16T17:12:21","guid":{"rendered":"https:\/\/premieredesignconstruction.com\/fr\/?page_id=3139"},"modified":"2025-10-27T18:36:19","modified_gmt":"2025-10-27T18:36:19","slug":"design-construction","status":"publish","type":"page","link":"https:\/\/premieredesignconstruction.com\/fr\/design-construction\/","title":{"rendered":"Design-Construction"},"content":{"rendered":"<p style=\"font-weight: 400\">Commun\u00e9ment surnomm\u00e9 \u00ab\u00a0cl\u00e9-en-main\u00a0\u00bb, le principe de confier le design et la construction d&rsquo;un b\u00e2timent sous un seul centre de responsabilit\u00e9 imputable est une formule de plus en plus populaire partout dans le monde.\u00a0 La force de ce mode de r\u00e9alisation provient d&rsquo;une int\u00e9gration accrue des services de conception avec ceux de la construction.\u00a0 Il en r\u00e9sulte un projet performant au rapport qualit\u00e9\/prix optimum.<\/p>\n<p style=\"font-weight: 400\">Depuis plus de 30 ans, le Design-construction fait partie du quotidien de PREMI\u00c8RE. \u00c9tant imputable face \u00e0 sa client\u00e8le, PREMI\u00c8RE investit des ressources directes dans la coordination serr\u00e9e entre les architectes, ing\u00e9nieurs et sous-traitants.\u00a0 PREMI\u00c8RE r\u00e9ussit ainsi \u00e0 livrer des projets conformes et de qualit\u00e9, sans d\u00e9passement de cout ni d\u00e9lai.<\/p>\n<p style=\"font-weight: 400\">PREMI\u00c8RE prend votre projet en main d\u00e8s les premi\u00e8res \u00e9bauches et est \u00e0 votre \u00e9coute pour le d\u00e9velopper en fonction des performances auxquelles il devra r\u00e9pondre.<\/p>\n<p style=\"font-weight: 400\">\n","protected":false},"excerpt":{"rendered":"<p>Commun\u00e9ment surnomm\u00e9 \u00ab\u00a0cl\u00e9-en-main\u00a0\u00bb, le principe de confier le design et la construction d&rsquo;un b\u00e2timent sous un seul centre de responsabilit\u00e9 imputable est une formule de plus en plus populaire partout dans le monde.\u00a0 La force de ce mode de r\u00e9alisation provient d&rsquo;une int\u00e9gration accrue des services de conception avec ceux de la construction.\u00a0 Il en [&hellip;]<\/p>\n","protected":false},"author":1,"featured_media":2502,"parent":0,"menu_order":0,"comment_status":"closed","ping_status":"closed","template":"template-custom-page.php","meta":{"_acf_changed":false,"footnotes":""},"class_list":["post-3139","page","type-page","status-publish","has-post-thumbnail","hentry"],"acf":[],"_links":{"self":[{"href":"https:\/\/premieredesignconstruction.com\/fr\/wp-json\/wp\/v2\/pages\/3139","targetHints":{"allow":["GET"]}}],"collection":[{"href":"https:\/\/premieredesignconstruction.com\/fr\/wp-json\/wp\/v2\/pages"}],"about":[{"href":"https:\/\/premieredesignconstruction.com\/fr\/wp-json\/wp\/v2\/types\/page"}],"author":[{"embeddable":true,"href":"https:\/\/premieredesignconstruction.com\/fr\/wp-json\/wp\/v2\/users\/1"}],"replies":[{"embeddable":true,"href":"https:\/\/premieredesignconstruction.com\/fr\/wp-json\/wp\/v2\/comments?post=3139"}],"version-history":[{"count":7,"href":"https:\/\/premieredesignconstruction.com\/fr\/wp-json\/wp\/v2\/pages\/3139\/revisions"}],"predecessor-version":[{"id":3913,"href":"https:\/\/premieredesignconstruction.com\/fr\/wp-json\/wp\/v2\/pages\/3139\/revisions\/3913"}],"wp:featuredmedia":[{"embeddable":true,"href":"https:\/\/premieredesignconstruction.com\/fr\/wp-json\/wp\/v2\/media\/2502"}],"wp:attachment":[{"href":"https:\/\/premieredesignconstruction.com\/fr\/wp-json\/wp\/v2\/media?parent=3139"}],"curies":[{"name":"wp","href":"https:\/\/api.w.org\/{rel}","templated":true}]}}