{"id":3137,"date":"2020-10-16T17:11:31","date_gmt":"2020-10-16T17:11:31","guid":{"rendered":"https:\/\/premieredesignconstruction.com\/fr\/?page_id=3137"},"modified":"2025-10-29T14:03:30","modified_gmt":"2025-10-29T14:03:30","slug":"gestion-de-projet-de-construction","status":"publish","type":"page","link":"https:\/\/premieredesignconstruction.com\/fr\/gestion-de-projet-de-construction\/","title":{"rendered":"Gestion de projet"},"content":{"rendered":"<p>Pour tout projet de construction, il est essentiel d&rsquo;impliquer l&rsquo;entrepreneur g\u00e9n\u00e9ral t\u00f4t dans vos d\u00e9marches pour optimiser la qualit\u00e9 de votre b\u00e2timent:<\/p>\n<p>\u00ab\u00a080% des d\u00e9cisions-cl\u00e9s qui affectent le plus les couts de construction sont prises \u00e0 l&rsquo;\u00e9tape de Pr\u00e9-Construction.\u00a0\u00bb<\/p>\n<p>C&rsquo;est \u00e0 cette \u00e9tape critique de conception qu&rsquo;il est temps de faire de l&rsquo;ing\u00e9nierie de valeur, d&rsquo;\u00e9valuer les alternatives, et ainsi faire les bons choix techniques des divers syst\u00e8mes de b\u00e2timent.<\/p>\n<p>PREMI\u00c8RE est la mieux plac\u00e9e pour remplir ce r\u00f4le.\u00a0 Bien qu&rsquo;architectes et ing\u00e9nieurs demeurent, comme il se doit, concentr\u00e9s sur le design; ils b\u00e9n\u00e9ficient de la contribution de l&rsquo;industrie de la construction et d&rsquo;entrepreneurs sp\u00e9cialis\u00e9s que PREMI\u00c8RE apporte.\u00a0 De par son expertise \u00e9prouv\u00e9e en Design-Construction, PREMI\u00c8RE \u00e9tablit tr\u00e8s t\u00f4t dans le processus et sur la base d&rsquo;informations pr\u00e9liminaires, des \u00e9valuations budg\u00e9taires et \u00e9ch\u00e9anciers qui non seulement tiennent la route, mais sont des apports essentiels dans la prise \u00ab\u00a0des d\u00e9cisions-cl\u00e9s qui affectent le plus les couts de construction\u00a0\u00bb.<\/p>\n<p>Sur ces bases solides, PREMI\u00c8RE g\u00e8re la construction en toute transparence: Obtention des meilleurs prix et conditions du march\u00e9; Rigueur dans le contr\u00f4le des couts et suivi du calendrier; et Garantie d&rsquo;un entrepreneur g\u00e9n\u00e9ral \u00e9tabli depuis plus de 30 ans.<\/p>\n","protected":false},"excerpt":{"rendered":"<p>Pour tout projet de construction, il est essentiel d&rsquo;impliquer l&rsquo;entrepreneur g\u00e9n\u00e9ral t\u00f4t dans vos d\u00e9marches pour optimiser la qualit\u00e9 de votre b\u00e2timent: \u00ab\u00a080% des d\u00e9cisions-cl\u00e9s qui affectent le plus les couts de construction sont prises \u00e0 l&rsquo;\u00e9tape de Pr\u00e9-Construction.\u00a0\u00bb C&rsquo;est \u00e0 cette \u00e9tape critique de conception qu&rsquo;il est temps de faire de l&rsquo;ing\u00e9nierie de valeur, [&hellip;]<\/p>\n","protected":false},"author":1,"featured_media":3895,"parent":0,"menu_order":0,"comment_status":"closed","ping_status":"closed","template":"template-custom-page.php","meta":{"_acf_changed":false,"footnotes":""},"class_list":["post-3137","page","type-page","status-publish","has-post-thumbnail","hentry"],"acf":[],"_links":{"self":[{"href":"https:\/\/premieredesignconstruction.com\/fr\/wp-json\/wp\/v2\/pages\/3137","targetHints":{"allow":["GET"]}}],"collection":[{"href":"https:\/\/premieredesignconstruction.com\/fr\/wp-json\/wp\/v2\/pages"}],"about":[{"href":"https:\/\/premieredesignconstruction.com\/fr\/wp-json\/wp\/v2\/types\/page"}],"author":[{"embeddable":true,"href":"https:\/\/premieredesignconstruction.com\/fr\/wp-json\/wp\/v2\/users\/1"}],"replies":[{"embeddable":true,"href":"https:\/\/premieredesignconstruction.com\/fr\/wp-json\/wp\/v2\/comments?post=3137"}],"version-history":[{"count":6,"href":"https:\/\/premieredesignconstruction.com\/fr\/wp-json\/wp\/v2\/pages\/3137\/revisions"}],"predecessor-version":[{"id":3915,"href":"https:\/\/premieredesignconstruction.com\/fr\/wp-json\/wp\/v2\/pages\/3137\/revisions\/3915"}],"wp:featuredmedia":[{"embeddable":true,"href":"https:\/\/premieredesignconstruction.com\/fr\/wp-json\/wp\/v2\/media\/3895"}],"wp:attachment":[{"href":"https:\/\/premieredesignconstruction.com\/fr\/wp-json\/wp\/v2\/media?parent=3137"}],"curies":[{"name":"wp","href":"https:\/\/api.w.org\/{rel}","templated":true}]}}